{"id":56,"date":"2022-10-03T09:28:18","date_gmt":"2022-10-03T09:28:18","guid":{"rendered":"https:\/\/arcadiaexpress.it\/?page_id=56"},"modified":"2022-10-24T13:10:19","modified_gmt":"2022-10-24T13:10:19","slug":"chi-siamo","status":"publish","type":"page","link":"https:\/\/arcadiaexpress.it\/it\/chi-siamo\/","title":{"rendered":"CHI SIAMO"},"content":{"rendered":"<div class=\"fusion-fullwidth fullwidth-box fusion-builder-row-1 fusion-flex-container has-pattern-background has-mask-background nonhundred-percent-fullwidth non-hundred-percent-height-scrolling\" style=\"background-color: rgba(255,255,255,0);background-position: center center;background-repeat: no-repeat;border-width: 0px 0px 0px 0px;border-color:var(--awb-color2);border-style:solid;\" ><div class=\"fusion-builder-row fusion-row fusion-flex-align-items-flex-start\" style=\"max-width:1185.6px;margin-left: calc(-4% \/ 2 );margin-right: calc(-4% \/ 2 );\"><div class=\"fusion-layout-column fusion_builder_column fusion-builder-column-0 fusion_builder_column_2_3 2_3 fusion-flex-column\"><div class=\"fusion-column-wrapper fusion-flex-justify-content-flex-start fusion-content-layout-column\" style=\"background-position:left top;background-repeat:no-repeat;-webkit-background-size:cover;-moz-background-size:cover;-o-background-size:cover;background-size:cover;padding: 0px 0px 0px 0px;\"><div class=\"fusion-separator fusion-full-width-sep\" style=\"align-self: center;margin-left: auto;margin-right: auto;margin-bottom:40px;width:100%;\"><\/div><style type=\"text\/css\">@media only screen and (max-width:1024px) {.fusion-title.fusion-title-1{margin-top:0px!important; margin-right:0px!important;margin-bottom:31px!important;margin-left:0px!important;}}@media only screen and (max-width:640px) {.fusion-title.fusion-title-1{margin-top:0px!important; margin-right:0px!important;margin-bottom:20px!important; margin-left:0px!important;}}<\/style><div class=\"fusion-title title fusion-title-1 fusion-sep-none fusion-title-text fusion-title-size-three\" style=\"font-size:38px;margin-top:0px;margin-right:0px;margin-bottom:31px;margin-left:0px;\"><h3 class=\"title-heading-left fusion-responsive-typography-calculated\" style=\"margin:0;font-size:1em;--fontSize:38;line-height:var(--awb-typography1-line-height);\">Chi siamo<\/h3><\/div><div class=\"fusion-separator fusion-full-width-sep\" style=\"align-self: center;margin-left: auto;margin-right: auto;margin-bottom:40px;width:100%;\"><\/div><div class=\"fusion-text fusion-text-1\"><p>Arcadia Express \u00e8 una societ\u00e0 che si occupa di trasporti nazionali ed internazionali. Negli anni la crescita si \u00e8 focalizzata verso il servizio dedicato offrendo un servizio puntuale che con un minimo preavviso ci consente di gestire ritiri e consegne. Parallelamente la crescita dell\u2019e-commerce dell\u2019ultima decade ci ha visti protagonisti nello sviluppo di competenze specifiche per servire i nostri clienti che scelgono di terziarizzare la logistica.<br \/>\nLa novit\u00e0 pi\u00f9 recente \u00e8 l\u2019apertura di agenzie a Milano e Roma che, sommandosi alla sede principale di Torino ci consentono di servire in modo capillare il centro-nord della penisola.<\/p>\n<\/div><div class=\"fusion-separator fusion-full-width-sep\" style=\"align-self: center;margin-left: auto;margin-right: auto;margin-bottom:40px;width:100%;\"><\/div><div class=\"fusion-text fusion-text-2\"><p><a href=\"https:\/\/arcadiaexpress.it\/it\/richiesta-quotazione\/\">Contattaci per chiedere una quotazione dedicata al trasporto di cui hai bisogno<\/a><\/p>\n<\/div><\/div><style type=\"text\/css\">.fusion-body .fusion-builder-column-0{width:66.666666666667% !important;margin-top : 0px;margin-bottom : 20px;}.fusion-builder-column-0 > .fusion-column-wrapper {padding-top : 0px !important;padding-right : 0px !important;margin-right : 2.88%;padding-bottom : 0px !important;padding-left : 0px !important;margin-left : 2.88%;}@media only screen and (max-width:1024px) {.fusion-body .fusion-builder-column-0{width:100% !important;order : 0;}.fusion-builder-column-0 > .fusion-column-wrapper {margin-right : 1.92%;margin-left : 1.92%;}}@media only screen and (max-width:640px) {.fusion-body .fusion-builder-column-0{width:100% !important;order : 0;}.fusion-builder-column-0 > .fusion-column-wrapper {margin-right : 1.92%;margin-left : 1.92%;}}<\/style><\/div><div class=\"fusion-layout-column fusion_builder_column fusion-builder-column-1 fusion_builder_column_1_3 1_3 fusion-flex-column\"><div class=\"fusion-column-wrapper fusion-flex-justify-content-flex-start fusion-content-layout-column\" style=\"background-position:left top;background-repeat:no-repeat;-webkit-background-size:cover;-moz-background-size:cover;-o-background-size:cover;background-size:cover;padding: 0px 0px 0px 0px;\"><div class=\"fusion-separator fusion-full-width-sep\" style=\"align-self: center;margin-left: auto;margin-right: auto;margin-bottom:40px;width:100%;\"><\/div><div class=\"fusion-separator fusion-full-width-sep\" style=\"align-self: center;margin-left: auto;margin-right: auto;margin-bottom:40px;width:100%;\"><\/div><\/div><style type=\"text\/css\">.fusion-body .fusion-builder-column-1{width:33.333333333333% !important;margin-top : 0px;margin-bottom : 20px;}.fusion-builder-column-1 > .fusion-column-wrapper {padding-top : 0px !important;padding-right : 0px !important;margin-right : 5.76%;padding-bottom : 0px !important;padding-left : 0px !important;margin-left : 5.76%;}@media only screen and (max-width:1024px) {.fusion-body .fusion-builder-column-1{width:100% !important;order : 0;}.fusion-builder-column-1 > .fusion-column-wrapper {margin-right : 1.92%;margin-left : 1.92%;}}@media only screen and (max-width:640px) {.fusion-body .fusion-builder-column-1{width:100% !important;order : 0;}.fusion-builder-column-1 > .fusion-column-wrapper {margin-right : 1.92%;margin-left : 1.92%;}}<\/style><\/div><\/div><style type=\"text\/css\">.fusion-body .fusion-flex-container.fusion-builder-row-1{ padding-top : 0px;margin-top : 0px;padding-right : 0px;padding-bottom : 0px;margin-bottom : 0px;padding-left : 0px;}<\/style><\/div>\n","protected":false},"excerpt":{"rendered":"","protected":false},"author":1,"featured_media":0,"parent":0,"menu_order":0,"comment_status":"closed","ping_status":"closed","template":"100-width.php","meta":[],"yoast_head":"<!-- This site is optimized with the Yoast SEO plugin v19.9 - https:\/\/yoast.com\/wordpress\/plugins\/seo\/ -->\n<title>Chi siamo - ARCADIA EXPRESS Partner Affidabile<\/title>\n<meta name=\"description\" content=\"Chi siamo - Un p\u00f2 di storia - Conosciamoci meglio - Presentazione Arcadia Express - Arcadia Express partner affidabile\" \/>\n<meta name=\"robots\" content=\"index, follow, max-snippet:-1, max-image-preview:large, max-video-preview:-1\" \/>\n<link rel=\"canonical\" href=\"https:\/\/arcadiaexpress.it\/it\/chi-siamo\/\" \/>\n<meta property=\"og:locale\" content=\"it_IT\" \/>\n<meta property=\"og:type\" content=\"article\" \/>\n<meta property=\"og:title\" content=\"Chi siamo - ARCADIA EXPRESS Partner Affidabile\" \/>\n<meta property=\"og:description\" content=\"Chi siamo - Un p\u00f2 di storia - Conosciamoci meglio - Presentazione Arcadia Express - Arcadia Express partner affidabile\" \/>\n<meta property=\"og:url\" content=\"https:\/\/arcadiaexpress.it\/it\/chi-siamo\/\" \/>\n<meta property=\"og:site_name\" content=\"Arcadia Express\" \/>\n<meta property=\"article:modified_time\" content=\"2022-10-24T13:10:19+00:00\" \/>\n<meta name=\"twitter:card\" content=\"summary_large_image\" \/>\n<meta name=\"twitter:label1\" content=\"Tempo di lettura stimato\" \/>\n\t<meta name=\"twitter:data1\" content=\"4 minuti\" \/>\n<script type=\"application\/ld+json\" class=\"yoast-schema-graph\">{\"@context\":\"https:\/\/schema.org\",\"@graph\":[{\"@type\":\"WebPage\",\"@id\":\"https:\/\/arcadiaexpress.it\/it\/chi-siamo\/\",\"url\":\"https:\/\/arcadiaexpress.it\/it\/chi-siamo\/\",\"name\":\"Chi siamo - ARCADIA EXPRESS Partner Affidabile\",\"isPartOf\":{\"@id\":\"https:\/\/arcadiaexpress.it\/it\/#website\"},\"datePublished\":\"2022-10-03T09:28:18+00:00\",\"dateModified\":\"2022-10-24T13:10:19+00:00\",\"description\":\"Chi siamo - Un p\u00f2 di storia - Conosciamoci meglio - Presentazione Arcadia Express - Arcadia Express partner affidabile\",\"breadcrumb\":{\"@id\":\"https:\/\/arcadiaexpress.it\/it\/chi-siamo\/#breadcrumb\"},\"inLanguage\":\"it-IT\",\"potentialAction\":[{\"@type\":\"ReadAction\",\"target\":[\"https:\/\/arcadiaexpress.it\/it\/chi-siamo\/\"]}]},{\"@type\":\"BreadcrumbList\",\"@id\":\"https:\/\/arcadiaexpress.it\/it\/chi-siamo\/#breadcrumb\",\"itemListElement\":[{\"@type\":\"ListItem\",\"position\":1,\"name\":\"Home\",\"item\":\"https:\/\/arcadiaexpress.it\/it\/\"},{\"@type\":\"ListItem\",\"position\":2,\"name\":\"CHI SIAMO\"}]},{\"@type\":\"WebSite\",\"@id\":\"https:\/\/arcadiaexpress.it\/it\/#website\",\"url\":\"https:\/\/arcadiaexpress.it\/it\/\",\"name\":\"Arcadia Express\",\"description\":\"Servizi di trasporto e logistica per l&#039;industria\",\"potentialAction\":[{\"@type\":\"SearchAction\",\"target\":{\"@type\":\"EntryPoint\",\"urlTemplate\":\"https:\/\/arcadiaexpress.it\/it\/?s={search_term_string}\"},\"query-input\":\"required name=search_term_string\"}],\"inLanguage\":\"it-IT\"}]}<\/script>\n<!-- \/ Yoast SEO plugin. -->","yoast_head_json":{"title":"Chi siamo - ARCADIA EXPRESS Partner Affidabile","description":"Chi siamo - Un p\u00f2 di storia - Conosciamoci meglio - Presentazione Arcadia Express - Arcadia Express partner affidabile","robots":{"index":"index","follow":"follow","max-snippet":"max-snippet:-1","max-image-preview":"max-image-preview:large","max-video-preview":"max-video-preview:-1"},"canonical":"https:\/\/arcadiaexpress.it\/it\/chi-siamo\/","og_locale":"it_IT","og_type":"article","og_title":"Chi siamo - ARCADIA EXPRESS Partner Affidabile","og_description":"Chi siamo - Un p\u00f2 di storia - Conosciamoci meglio - Presentazione Arcadia Express - Arcadia Express partner affidabile","og_url":"https:\/\/arcadiaexpress.it\/it\/chi-siamo\/","og_site_name":"Arcadia Express","article_modified_time":"2022-10-24T13:10:19+00:00","twitter_card":"summary_large_image","twitter_misc":{"Tempo di lettura stimato":"4 minuti"},"schema":{"@context":"https:\/\/schema.org","@graph":[{"@type":"WebPage","@id":"https:\/\/arcadiaexpress.it\/it\/chi-siamo\/","url":"https:\/\/arcadiaexpress.it\/it\/chi-siamo\/","name":"Chi siamo - ARCADIA EXPRESS Partner Affidabile","isPartOf":{"@id":"https:\/\/arcadiaexpress.it\/it\/#website"},"datePublished":"2022-10-03T09:28:18+00:00","dateModified":"2022-10-24T13:10:19+00:00","description":"Chi siamo - Un p\u00f2 di storia - Conosciamoci meglio - Presentazione Arcadia Express - Arcadia Express partner affidabile","breadcrumb":{"@id":"https:\/\/arcadiaexpress.it\/it\/chi-siamo\/#breadcrumb"},"inLanguage":"it-IT","potentialAction":[{"@type":"ReadAction","target":["https:\/\/arcadiaexpress.it\/it\/chi-siamo\/"]}]},{"@type":"BreadcrumbList","@id":"https:\/\/arcadiaexpress.it\/it\/chi-siamo\/#breadcrumb","itemListElement":[{"@type":"ListItem","position":1,"name":"Home","item":"https:\/\/arcadiaexpress.it\/it\/"},{"@type":"ListItem","position":2,"name":"CHI SIAMO"}]},{"@type":"WebSite","@id":"https:\/\/arcadiaexpress.it\/it\/#website","url":"https:\/\/arcadiaexpress.it\/it\/","name":"Arcadia Express","description":"Servizi di trasporto e logistica per l&#039;industria","potentialAction":[{"@type":"SearchAction","target":{"@type":"EntryPoint","urlTemplate":"https:\/\/arcadiaexpress.it\/it\/?s={search_term_string}"},"query-input":"required name=search_term_string"}],"inLanguage":"it-IT"}]}},"_links":{"self":[{"href":"https:\/\/arcadiaexpress.it\/it\/wp-json\/wp\/v2\/pages\/56"}],"collection":[{"href":"https:\/\/arcadiaexpress.it\/it\/wp-json\/wp\/v2\/pages"}],"about":[{"href":"https:\/\/arcadiaexpress.it\/it\/wp-json\/wp\/v2\/types\/page"}],"author":[{"embeddable":true,"href":"https:\/\/arcadiaexpress.it\/it\/wp-json\/wp\/v2\/users\/1"}],"replies":[{"embeddable":true,"href":"https:\/\/arcadiaexpress.it\/it\/wp-json\/wp\/v2\/comments?post=56"}],"version-history":[{"count":27,"href":"https:\/\/arcadiaexpress.it\/it\/wp-json\/wp\/v2\/pages\/56\/revisions"}],"predecessor-version":[{"id":2406,"href":"https:\/\/arcadiaexpress.it\/it\/wp-json\/wp\/v2\/pages\/56\/revisions\/2406"}],"wp:attachment":[{"href":"https:\/\/arcadiaexpress.it\/it\/wp-json\/wp\/v2\/media?parent=56"}],"curies":[{"name":"wp","href":"https:\/\/api.w.org\/{rel}","templated":true}]}}