{"id":1503,"date":"2022-10-03T09:27:26","date_gmt":"2022-10-03T09:27:26","guid":{"rendered":"https:\/\/arcadiaexpress.it\/services-au-client\/"},"modified":"2022-10-24T13:10:29","modified_gmt":"2022-10-24T13:10:29","slug":"services-au-client","status":"publish","type":"page","link":"https:\/\/arcadiaexpress.it\/fr\/services-au-client\/","title":{"rendered":"SERVICES AU CLIENT"},"content":{"rendered":"<div class=\"fusion-fullwidth fullwidth-box fusion-builder-row-1 fusion-flex-container has-pattern-background has-mask-background nonhundred-percent-fullwidth non-hundred-percent-height-scrolling\" style=\"background-color: rgba(255,255,255,0);background-position: center center;background-repeat: no-repeat;border-width: 0px 0px 0px 0px;border-color:var(--awb-color2);border-style:solid;\" ><div class=\"fusion-builder-row fusion-row fusion-flex-align-items-flex-start\" style=\"max-width:1185.6px;margin-left: calc(-4% \/ 2 );margin-right: calc(-4% \/ 2 );\"><div class=\"fusion-layout-column fusion_builder_column fusion-builder-column-0 fusion_builder_column_2_3 2_3 fusion-flex-column\"><div class=\"fusion-column-wrapper fusion-flex-justify-content-flex-start fusion-content-layout-column\" style=\"background-position:left top;background-repeat:no-repeat;-webkit-background-size:cover;-moz-background-size:cover;-o-background-size:cover;background-size:cover;padding: 0px 0px 0px 0px;\"><div class=\"fusion-separator fusion-full-width-sep\" style=\"align-self: center;margin-left: auto;margin-right: auto;margin-bottom:40px;width:100%;\"><\/div><style type=\"text\/css\">@media only screen and (max-width:1024px) {.fusion-title.fusion-title-1{margin-top:0px!important; margin-right:0px!important;margin-bottom:31px!important;margin-left:0px!important;}}@media only screen and (max-width:640px) {.fusion-title.fusion-title-1{margin-top:0px!important; margin-right:0px!important;margin-bottom:20px!important; margin-left:0px!important;}}<\/style><div class=\"fusion-title title fusion-title-1 fusion-sep-none fusion-title-text fusion-title-size-three\" style=\"font-size:38px;margin-top:0px;margin-right:0px;margin-bottom:31px;margin-left:0px;\"><h3 class=\"title-heading-left fusion-responsive-typography-calculated\" style=\"margin:0;font-size:1em;--fontSize:38;line-height:var(--awb-typography1-line-height);\">Services<\/h3><\/div><div class=\"fusion-separator fusion-full-width-sep\" style=\"align-self: center;margin-left: auto;margin-right: auto;margin-bottom:40px;width:100%;\"><\/div><div class=\"fusion-text fusion-text-1\"><p>Arcadia Express est une soci\u00e9t\u00e9 de transport sp\u00e9cialis\u00e9e dans la fourniture d&rsquo;un service int\u00e9gr\u00e9 \u00e0 ses clients :<br \/>\nService int\u00e9gr\u00e9 de juste-\u00e0-temps : nous organisons un transport d\u00e9di\u00e9 pour la production en juste-\u00e0-temps, un service qui permet aux entreprises de nous contacter avec un pr\u00e9avis d&rsquo;une heure seulement pour les livraisons et les enl\u00e8vements. La surveillance par satellite de nos v\u00e9hicules garantit que le statut de nos exp\u00e9ditions est actualis\u00e9 en temps r\u00e9el.<br \/>\nDistribution nationale et europ\u00e9enne avec le service Bersagliere : la manutention des envois nationaux et europ\u00e9ens de faible poids est le secteur le plus d\u00e9velopp\u00e9. Avec la croissance du commerce \u00e9lectronique renforc\u00e9e par le verrouillage, la demande de livraisons \u00e0 domicile est devenue notre produit phare. Nous travaillons en tandem avec les meilleurs acteurs europ\u00e9ens et nationaux pour garantir la livraison de vos envois dans les d\u00e9lais.<br \/>\nLogistique externalis\u00e9e : gr\u00e2ce \u00e0 nos bureaux de Turin, Milan et Rome, les marchandises en transit peuvent \u00eatre d\u00e9pos\u00e9es et stock\u00e9es dans nos entrep\u00f4ts et distribu\u00e9es dans toute la p\u00e9ninsule dans un d\u00e9lai de 24 heures, \u00e0 l&rsquo;exclusion des \u00eeles, de 3 \u00e0 4 jours pour le groupage, soulageant ainsi les entreprises des co\u00fbts d&rsquo;entreposage.<br \/>\nFonctionnement multilingue : nous fournissons une assistance 24 heures sur 24 en italien, en fran\u00e7ais et en anglais, nous analysons les besoins avec le client pour construire un service sur mesure et suivre l&rsquo;\u00e9volution dans le temps. Arcadia Express mise sur l&rsquo;op\u00e9rabilit\u00e9 pour se d\u00e9marquer.<br \/>\nLogistique d&rsquo;entrep\u00f4t : Arcadia Express se distingue sur le march\u00e9 par sa capacit\u00e9 \u00e0 proposer des activit\u00e9s de logistique int\u00e9gr\u00e9e et des services de transport et de manutention.<br \/>\nL&rsquo;exp\u00e9rience que nous avons accumul\u00e9e au fil du temps nous permet de prendre en charge soigneusement et scrupuleusement tous les aspects de l&rsquo;activit\u00e9 d&rsquo;entreposage, de l&rsquo;entr\u00e9e des marchandises \u00e0 leur stockage, de la pr\u00e9paration des commandes \u00e0 leur livraison, le tout gr\u00e2ce \u00e0 un logiciel de gestion performant.<br \/>\nConfier la gestion de votre logistique \u00e0 un partenaire professionnel tel qu&rsquo;Arcadia Express devient donc non seulement un outil valable pour optimiser le service que vous offrez \u00e0 vos clients, mais aussi la garantie d&rsquo;un contr\u00f4le et d&rsquo;une ma\u00eetrise constante et ad\u00e9quate des co\u00fbts.<\/p>\n<\/div><div class=\"fusion-separator fusion-full-width-sep\" style=\"align-self: center;margin-left: auto;margin-right: auto;margin-bottom:40px;width:100%;\"><\/div><div class=\"fusion-text fusion-text-2\"><p><a href=\"https:\/\/arcadiaexpress.it\/it\/richiesta-quotazione\/\">Contactez-nous pour demander un devis personnalis\u00e9 pour le transport dont vous avez besoin.<\/a><\/p>\n<\/div><\/div><style type=\"text\/css\">.fusion-body .fusion-builder-column-0{width:66.666666666667% !important;margin-top : 0px;margin-bottom : 20px;}.fusion-builder-column-0 > .fusion-column-wrapper {padding-top : 0px !important;padding-right : 0px !important;margin-right : 2.88%;padding-bottom : 0px !important;padding-left : 0px !important;margin-left : 2.88%;}@media only screen and (max-width:1024px) {.fusion-body .fusion-builder-column-0{width:100% !important;order : 0;}.fusion-builder-column-0 > .fusion-column-wrapper {margin-right : 1.92%;margin-left : 1.92%;}}@media only screen and (max-width:640px) {.fusion-body .fusion-builder-column-0{width:100% !important;order : 0;}.fusion-builder-column-0 > .fusion-column-wrapper {margin-right : 1.92%;margin-left : 1.92%;}}<\/style><\/div><div class=\"fusion-layout-column fusion_builder_column fusion-builder-column-1 fusion_builder_column_1_3 1_3 fusion-flex-column\"><div class=\"fusion-column-wrapper fusion-flex-justify-content-flex-start fusion-content-layout-column\" style=\"background-position:left top;background-repeat:no-repeat;-webkit-background-size:cover;-moz-background-size:cover;-o-background-size:cover;background-size:cover;padding: 0px 0px 0px 0px;\"><div class=\"fusion-separator fusion-full-width-sep\" style=\"align-self: center;margin-left: auto;margin-right: auto;width:100%;\"><\/div><div class=\"fusion-separator fusion-full-width-sep\" style=\"align-self: center;margin-left: auto;margin-right: auto;width:100%;\"><\/div><div class=\"fusion-separator fusion-full-width-sep\" style=\"align-self: center;margin-left: auto;margin-right: auto;width:100%;\"><\/div><div class=\"fusion-separator fusion-full-width-sep\" style=\"align-self: center;margin-left: auto;margin-right: auto;width:100%;\"><\/div><\/div><style type=\"text\/css\">.fusion-body .fusion-builder-column-1{width:33.333333333333% !important;margin-top : 0px;margin-bottom : 20px;}.fusion-builder-column-1 > .fusion-column-wrapper {padding-top : 0px !important;padding-right : 0px !important;margin-right : 5.76%;padding-bottom : 0px !important;padding-left : 0px !important;margin-left : 5.76%;}@media only screen and (max-width:1024px) {.fusion-body .fusion-builder-column-1{width:100% !important;order : 0;}.fusion-builder-column-1 > .fusion-column-wrapper {margin-right : 1.92%;margin-left : 1.92%;}}@media only screen and (max-width:640px) {.fusion-body .fusion-builder-column-1{width:100% !important;order : 0;}.fusion-builder-column-1 > .fusion-column-wrapper {margin-right : 1.92%;margin-left : 1.92%;}}<\/style><\/div><\/div><style type=\"text\/css\">.fusion-body .fusion-flex-container.fusion-builder-row-1{ padding-top : 0px;margin-top : 0px;padding-right : 0px;padding-bottom : 0px;margin-bottom : 0px;padding-left : 0px;}<\/style><\/div>\n","protected":false},"excerpt":{"rendered":"","protected":false},"author":1,"featured_media":0,"parent":0,"menu_order":0,"comment_status":"closed","ping_status":"closed","template":"100-width.php","meta":[],"yoast_head":"<!-- This site is optimized with the Yoast SEO plugin v19.9 - https:\/\/yoast.com\/wordpress\/plugins\/seo\/ -->\n<title>Services \u00e0 la client\u00e8le - ARCADIA EXPRESS Partenaire fiable<\/title>\n<meta name=\"description\" content=\"Services offerts - Organisation du transport, qualit\u00e9, service \u00e0 la client\u00e8le - Arcadia Express un partenaire fiable\" \/>\n<meta name=\"robots\" content=\"index, follow, max-snippet:-1, max-image-preview:large, max-video-preview:-1\" \/>\n<link rel=\"canonical\" href=\"https:\/\/arcadiaexpress.it\/fr\/services-au-client\/\" \/>\n<meta property=\"og:locale\" content=\"fr_FR\" \/>\n<meta property=\"og:type\" content=\"article\" \/>\n<meta property=\"og:title\" content=\"Services \u00e0 la client\u00e8le - ARCADIA EXPRESS Partenaire fiable\" \/>\n<meta property=\"og:description\" content=\"Services offerts - Organisation du transport, qualit\u00e9, service \u00e0 la client\u00e8le - Arcadia Express un partenaire fiable\" \/>\n<meta property=\"og:url\" content=\"https:\/\/arcadiaexpress.it\/fr\/services-au-client\/\" \/>\n<meta property=\"og:site_name\" content=\"Arcadia Express\" \/>\n<meta property=\"article:modified_time\" content=\"2022-10-24T13:10:29+00:00\" \/>\n<meta name=\"twitter:card\" content=\"summary_large_image\" \/>\n<meta name=\"twitter:label1\" content=\"Dur\u00e9e de lecture estim\u00e9e\" \/>\n\t<meta name=\"twitter:data1\" content=\"10 minutes\" \/>\n<script type=\"application\/ld+json\" class=\"yoast-schema-graph\">{\"@context\":\"https:\/\/schema.org\",\"@graph\":[{\"@type\":\"WebPage\",\"@id\":\"https:\/\/arcadiaexpress.it\/fr\/services-au-client\/\",\"url\":\"https:\/\/arcadiaexpress.it\/fr\/services-au-client\/\",\"name\":\"Services \u00e0 la client\u00e8le - ARCADIA EXPRESS Partenaire fiable\",\"isPartOf\":{\"@id\":\"https:\/\/arcadiaexpress.it\/fr\/#website\"},\"datePublished\":\"2022-10-03T09:27:26+00:00\",\"dateModified\":\"2022-10-24T13:10:29+00:00\",\"description\":\"Services offerts - Organisation du transport, qualit\u00e9, service \u00e0 la client\u00e8le - Arcadia Express un partenaire fiable\",\"breadcrumb\":{\"@id\":\"https:\/\/arcadiaexpress.it\/fr\/services-au-client\/#breadcrumb\"},\"inLanguage\":\"fr-FR\",\"potentialAction\":[{\"@type\":\"ReadAction\",\"target\":[\"https:\/\/arcadiaexpress.it\/fr\/services-au-client\/\"]}]},{\"@type\":\"BreadcrumbList\",\"@id\":\"https:\/\/arcadiaexpress.it\/fr\/services-au-client\/#breadcrumb\",\"itemListElement\":[{\"@type\":\"ListItem\",\"position\":1,\"name\":\"Home\",\"item\":\"https:\/\/arcadiaexpress.it\/fr\/\"},{\"@type\":\"ListItem\",\"position\":2,\"name\":\"SERVICES AU CLIENT\"}]},{\"@type\":\"WebSite\",\"@id\":\"https:\/\/arcadiaexpress.it\/fr\/#website\",\"url\":\"https:\/\/arcadiaexpress.it\/fr\/\",\"name\":\"Arcadia Express\",\"description\":\"Servizi di trasporto e logistica per l&#039;industria\",\"potentialAction\":[{\"@type\":\"SearchAction\",\"target\":{\"@type\":\"EntryPoint\",\"urlTemplate\":\"https:\/\/arcadiaexpress.it\/fr\/?s={search_term_string}\"},\"query-input\":\"required name=search_term_string\"}],\"inLanguage\":\"fr-FR\"}]}<\/script>\n<!-- \/ Yoast SEO plugin. -->","yoast_head_json":{"title":"Services \u00e0 la client\u00e8le - ARCADIA EXPRESS Partenaire fiable","description":"Services offerts - Organisation du transport, qualit\u00e9, service \u00e0 la client\u00e8le - Arcadia Express un partenaire fiable","robots":{"index":"index","follow":"follow","max-snippet":"max-snippet:-1","max-image-preview":"max-image-preview:large","max-video-preview":"max-video-preview:-1"},"canonical":"https:\/\/arcadiaexpress.it\/fr\/services-au-client\/","og_locale":"fr_FR","og_type":"article","og_title":"Services \u00e0 la client\u00e8le - ARCADIA EXPRESS Partenaire fiable","og_description":"Services offerts - Organisation du transport, qualit\u00e9, service \u00e0 la client\u00e8le - Arcadia Express un partenaire fiable","og_url":"https:\/\/arcadiaexpress.it\/fr\/services-au-client\/","og_site_name":"Arcadia Express","article_modified_time":"2022-10-24T13:10:29+00:00","twitter_card":"summary_large_image","twitter_misc":{"Dur\u00e9e de lecture estim\u00e9e":"10 minutes"},"schema":{"@context":"https:\/\/schema.org","@graph":[{"@type":"WebPage","@id":"https:\/\/arcadiaexpress.it\/fr\/services-au-client\/","url":"https:\/\/arcadiaexpress.it\/fr\/services-au-client\/","name":"Services \u00e0 la client\u00e8le - ARCADIA EXPRESS Partenaire fiable","isPartOf":{"@id":"https:\/\/arcadiaexpress.it\/fr\/#website"},"datePublished":"2022-10-03T09:27:26+00:00","dateModified":"2022-10-24T13:10:29+00:00","description":"Services offerts - Organisation du transport, qualit\u00e9, service \u00e0 la client\u00e8le - Arcadia Express un partenaire fiable","breadcrumb":{"@id":"https:\/\/arcadiaexpress.it\/fr\/services-au-client\/#breadcrumb"},"inLanguage":"fr-FR","potentialAction":[{"@type":"ReadAction","target":["https:\/\/arcadiaexpress.it\/fr\/services-au-client\/"]}]},{"@type":"BreadcrumbList","@id":"https:\/\/arcadiaexpress.it\/fr\/services-au-client\/#breadcrumb","itemListElement":[{"@type":"ListItem","position":1,"name":"Home","item":"https:\/\/arcadiaexpress.it\/fr\/"},{"@type":"ListItem","position":2,"name":"SERVICES AU CLIENT"}]},{"@type":"WebSite","@id":"https:\/\/arcadiaexpress.it\/fr\/#website","url":"https:\/\/arcadiaexpress.it\/fr\/","name":"Arcadia Express","description":"Servizi di trasporto e logistica per l&#039;industria","potentialAction":[{"@type":"SearchAction","target":{"@type":"EntryPoint","urlTemplate":"https:\/\/arcadiaexpress.it\/fr\/?s={search_term_string}"},"query-input":"required name=search_term_string"}],"inLanguage":"fr-FR"}]}},"_links":{"self":[{"href":"https:\/\/arcadiaexpress.it\/fr\/wp-json\/wp\/v2\/pages\/1503"}],"collection":[{"href":"https:\/\/arcadiaexpress.it\/fr\/wp-json\/wp\/v2\/pages"}],"about":[{"href":"https:\/\/arcadiaexpress.it\/fr\/wp-json\/wp\/v2\/types\/page"}],"author":[{"embeddable":true,"href":"https:\/\/arcadiaexpress.it\/fr\/wp-json\/wp\/v2\/users\/1"}],"replies":[{"embeddable":true,"href":"https:\/\/arcadiaexpress.it\/fr\/wp-json\/wp\/v2\/comments?post=1503"}],"version-history":[{"count":19,"href":"https:\/\/arcadiaexpress.it\/fr\/wp-json\/wp\/v2\/pages\/1503\/revisions"}],"predecessor-version":[{"id":2419,"href":"https:\/\/arcadiaexpress.it\/fr\/wp-json\/wp\/v2\/pages\/1503\/revisions\/2419"}],"wp:attachment":[{"href":"https:\/\/arcadiaexpress.it\/fr\/wp-json\/wp\/v2\/media?parent=1503"}],"curies":[{"name":"wp","href":"https:\/\/api.w.org\/{rel}","templated":true}]}}