{"id":1487,"date":"2022-10-03T09:28:18","date_gmt":"2022-10-03T09:28:18","guid":{"rendered":"https:\/\/arcadiaexpress.it\/qui-nous-sommes\/"},"modified":"2022-10-24T13:10:20","modified_gmt":"2022-10-24T13:10:20","slug":"qui-nous-sommes","status":"publish","type":"page","link":"https:\/\/arcadiaexpress.it\/fr\/qui-nous-sommes\/","title":{"rendered":"QUI NOUS SOMMES"},"content":{"rendered":"<div class=\"fusion-fullwidth fullwidth-box fusion-builder-row-1 fusion-flex-container has-pattern-background has-mask-background nonhundred-percent-fullwidth non-hundred-percent-height-scrolling\" style=\"background-color: rgba(255,255,255,0);background-position: center center;background-repeat: no-repeat;border-width: 0px 0px 0px 0px;border-color:var(--awb-color2);border-style:solid;\" ><div class=\"fusion-builder-row fusion-row fusion-flex-align-items-flex-start\" style=\"max-width:1185.6px;margin-left: calc(-4% \/ 2 );margin-right: calc(-4% \/ 2 );\"><div class=\"fusion-layout-column fusion_builder_column fusion-builder-column-0 fusion_builder_column_2_3 2_3 fusion-flex-column\"><div class=\"fusion-column-wrapper fusion-flex-justify-content-flex-start fusion-content-layout-column\" style=\"background-position:left top;background-repeat:no-repeat;-webkit-background-size:cover;-moz-background-size:cover;-o-background-size:cover;background-size:cover;padding: 0px 0px 0px 0px;\"><div class=\"fusion-separator fusion-full-width-sep\" style=\"align-self: center;margin-left: auto;margin-right: auto;margin-bottom:40px;width:100%;\"><\/div><style type=\"text\/css\">@media only screen and (max-width:1024px) {.fusion-title.fusion-title-1{margin-top:0px!important; margin-right:0px!important;margin-bottom:31px!important;margin-left:0px!important;}}@media only screen and (max-width:640px) {.fusion-title.fusion-title-1{margin-top:0px!important; margin-right:0px!important;margin-bottom:20px!important; margin-left:0px!important;}}<\/style><div class=\"fusion-title title fusion-title-1 fusion-sep-none fusion-title-text fusion-title-size-three\" style=\"font-size:38px;margin-top:0px;margin-right:0px;margin-bottom:31px;margin-left:0px;\"><h3 class=\"title-heading-left fusion-responsive-typography-calculated\" style=\"margin:0;font-size:1em;--fontSize:38;line-height:var(--awb-typography1-line-height);\">A propos de nous<\/h3><\/div><div class=\"fusion-separator fusion-full-width-sep\" style=\"align-self: center;margin-left: auto;margin-right: auto;margin-bottom:40px;width:100%;\"><\/div><div class=\"fusion-text fusion-text-1\"><p>Arcadia Express est une entreprise qui s&rsquo;occupe de transport national et international. Au fil des ans, la croissance s&rsquo;est concentr\u00e9e sur un service d\u00e9di\u00e9, offrant un service rapide qui nous permet de g\u00e9rer les enl\u00e8vements et les livraisons \u00e0 court terme. Parall\u00e8lement, la croissance du commerce \u00e9lectronique au cours de la derni\u00e8re d\u00e9cennie nous a permis de jouer un r\u00f4le de premier plan dans le d\u00e9veloppement de comp\u00e9tences sp\u00e9cifiques pour servir nos clients qui choisissent d&rsquo;externaliser la logistique.<br \/>\nL&rsquo;innovation la plus r\u00e9cente est l&rsquo;ouverture d&rsquo;agences \u00e0 Milan et \u00e0 Rome qui, ajout\u00e9es au bureau principal de Turin, nous permettent de desservir de mani\u00e8re capillaire le centre-nord de la p\u00e9ninsule.<\/p>\n<\/div><div class=\"fusion-separator fusion-full-width-sep\" style=\"align-self: center;margin-left: auto;margin-right: auto;margin-bottom:40px;width:100%;\"><\/div><div class=\"fusion-text fusion-text-2\"><p><a href=\"https:\/\/arcadiaexpress.it\/it\/richiesta-quotazione\/\">Contactez-nous pour demander un devis personnalis\u00e9 pour le transport dont vous avez besoin.<\/a><\/p>\n<\/div><\/div><style type=\"text\/css\">.fusion-body .fusion-builder-column-0{width:66.666666666667% !important;margin-top : 0px;margin-bottom : 20px;}.fusion-builder-column-0 > .fusion-column-wrapper {padding-top : 0px !important;padding-right : 0px !important;margin-right : 2.88%;padding-bottom : 0px !important;padding-left : 0px !important;margin-left : 2.88%;}@media only screen and (max-width:1024px) {.fusion-body .fusion-builder-column-0{width:100% !important;order : 0;}.fusion-builder-column-0 > .fusion-column-wrapper {margin-right : 1.92%;margin-left : 1.92%;}}@media only screen and (max-width:640px) {.fusion-body .fusion-builder-column-0{width:100% !important;order : 0;}.fusion-builder-column-0 > .fusion-column-wrapper {margin-right : 1.92%;margin-left : 1.92%;}}<\/style><\/div><div class=\"fusion-layout-column fusion_builder_column fusion-builder-column-1 fusion_builder_column_1_3 1_3 fusion-flex-column\"><div class=\"fusion-column-wrapper fusion-flex-justify-content-flex-start fusion-content-layout-column\" style=\"background-position:left top;background-repeat:no-repeat;-webkit-background-size:cover;-moz-background-size:cover;-o-background-size:cover;background-size:cover;padding: 0px 0px 0px 0px;\"><div class=\"fusion-separator fusion-full-width-sep\" style=\"align-self: center;margin-left: auto;margin-right: auto;margin-bottom:40px;width:100%;\"><\/div><div class=\"fusion-separator fusion-full-width-sep\" style=\"align-self: center;margin-left: auto;margin-right: auto;margin-bottom:40px;width:100%;\"><\/div><\/div><style type=\"text\/css\">.fusion-body .fusion-builder-column-1{width:33.333333333333% !important;margin-top : 0px;margin-bottom : 20px;}.fusion-builder-column-1 > .fusion-column-wrapper {padding-top : 0px !important;padding-right : 0px !important;margin-right : 5.76%;padding-bottom : 0px !important;padding-left : 0px !important;margin-left : 5.76%;}@media only screen and (max-width:1024px) {.fusion-body .fusion-builder-column-1{width:100% !important;order : 0;}.fusion-builder-column-1 > .fusion-column-wrapper {margin-right : 1.92%;margin-left : 1.92%;}}@media only screen and (max-width:640px) {.fusion-body .fusion-builder-column-1{width:100% !important;order : 0;}.fusion-builder-column-1 > .fusion-column-wrapper {margin-right : 1.92%;margin-left : 1.92%;}}<\/style><\/div><\/div><style type=\"text\/css\">.fusion-body .fusion-flex-container.fusion-builder-row-1{ padding-top : 0px;margin-top : 0px;padding-right : 0px;padding-bottom : 0px;margin-bottom : 0px;padding-left : 0px;}<\/style><\/div>\n","protected":false},"excerpt":{"rendered":"","protected":false},"author":1,"featured_media":0,"parent":0,"menu_order":0,"comment_status":"closed","ping_status":"closed","template":"100-width.php","meta":[],"yoast_head":"<!-- This site is optimized with the Yoast SEO plugin v19.9 - https:\/\/yoast.com\/wordpress\/plugins\/seo\/ -->\n<title>\u00c0 propos de nous - ARCADIA EXPRESS Partenaire fiable<\/title>\n<meta name=\"description\" content=\"A propos de nous - Un peu d&#039;histoire - Apprenez \u00e0 mieux nous conna\u00eetre - Pr\u00e9sentation d&#039;Arcadia Express - Partenaire fiable d&#039;Arcadia Express\" \/>\n<meta name=\"robots\" content=\"index, follow, max-snippet:-1, max-image-preview:large, max-video-preview:-1\" \/>\n<link rel=\"canonical\" href=\"https:\/\/arcadiaexpress.it\/fr\/qui-nous-sommes\/\" \/>\n<meta property=\"og:locale\" content=\"fr_FR\" \/>\n<meta property=\"og:type\" content=\"article\" \/>\n<meta property=\"og:title\" content=\"\u00c0 propos de nous - ARCADIA EXPRESS Partenaire fiable\" \/>\n<meta property=\"og:description\" content=\"A propos de nous - Un peu d&#039;histoire - Apprenez \u00e0 mieux nous conna\u00eetre - Pr\u00e9sentation d&#039;Arcadia Express - Partenaire fiable d&#039;Arcadia Express\" \/>\n<meta property=\"og:url\" content=\"https:\/\/arcadiaexpress.it\/fr\/qui-nous-sommes\/\" \/>\n<meta property=\"og:site_name\" content=\"Arcadia Express\" \/>\n<meta property=\"article:modified_time\" content=\"2022-10-24T13:10:20+00:00\" \/>\n<meta name=\"twitter:card\" content=\"summary_large_image\" \/>\n<meta name=\"twitter:label1\" content=\"Dur\u00e9e de lecture estim\u00e9e\" \/>\n\t<meta name=\"twitter:data1\" content=\"8 minutes\" \/>\n<script type=\"application\/ld+json\" class=\"yoast-schema-graph\">{\"@context\":\"https:\/\/schema.org\",\"@graph\":[{\"@type\":\"WebPage\",\"@id\":\"https:\/\/arcadiaexpress.it\/fr\/qui-nous-sommes\/\",\"url\":\"https:\/\/arcadiaexpress.it\/fr\/qui-nous-sommes\/\",\"name\":\"\u00c0 propos de nous - ARCADIA EXPRESS Partenaire fiable\",\"isPartOf\":{\"@id\":\"https:\/\/arcadiaexpress.it\/fr\/#website\"},\"datePublished\":\"2022-10-03T09:28:18+00:00\",\"dateModified\":\"2022-10-24T13:10:20+00:00\",\"description\":\"A propos de nous - Un peu d'histoire - Apprenez \u00e0 mieux nous conna\u00eetre - Pr\u00e9sentation d'Arcadia Express - Partenaire fiable d'Arcadia Express\",\"breadcrumb\":{\"@id\":\"https:\/\/arcadiaexpress.it\/fr\/qui-nous-sommes\/#breadcrumb\"},\"inLanguage\":\"fr-FR\",\"potentialAction\":[{\"@type\":\"ReadAction\",\"target\":[\"https:\/\/arcadiaexpress.it\/fr\/qui-nous-sommes\/\"]}]},{\"@type\":\"BreadcrumbList\",\"@id\":\"https:\/\/arcadiaexpress.it\/fr\/qui-nous-sommes\/#breadcrumb\",\"itemListElement\":[{\"@type\":\"ListItem\",\"position\":1,\"name\":\"Home\",\"item\":\"https:\/\/arcadiaexpress.it\/fr\/\"},{\"@type\":\"ListItem\",\"position\":2,\"name\":\"QUI NOUS SOMMES\"}]},{\"@type\":\"WebSite\",\"@id\":\"https:\/\/arcadiaexpress.it\/fr\/#website\",\"url\":\"https:\/\/arcadiaexpress.it\/fr\/\",\"name\":\"Arcadia Express\",\"description\":\"Servizi di trasporto e logistica per l&#039;industria\",\"potentialAction\":[{\"@type\":\"SearchAction\",\"target\":{\"@type\":\"EntryPoint\",\"urlTemplate\":\"https:\/\/arcadiaexpress.it\/fr\/?s={search_term_string}\"},\"query-input\":\"required name=search_term_string\"}],\"inLanguage\":\"fr-FR\"}]}<\/script>\n<!-- \/ Yoast SEO plugin. -->","yoast_head_json":{"title":"\u00c0 propos de nous - ARCADIA EXPRESS Partenaire fiable","description":"A propos de nous - Un peu d'histoire - Apprenez \u00e0 mieux nous conna\u00eetre - Pr\u00e9sentation d'Arcadia Express - Partenaire fiable d'Arcadia Express","robots":{"index":"index","follow":"follow","max-snippet":"max-snippet:-1","max-image-preview":"max-image-preview:large","max-video-preview":"max-video-preview:-1"},"canonical":"https:\/\/arcadiaexpress.it\/fr\/qui-nous-sommes\/","og_locale":"fr_FR","og_type":"article","og_title":"\u00c0 propos de nous - ARCADIA EXPRESS Partenaire fiable","og_description":"A propos de nous - Un peu d'histoire - Apprenez \u00e0 mieux nous conna\u00eetre - Pr\u00e9sentation d'Arcadia Express - Partenaire fiable d'Arcadia Express","og_url":"https:\/\/arcadiaexpress.it\/fr\/qui-nous-sommes\/","og_site_name":"Arcadia Express","article_modified_time":"2022-10-24T13:10:20+00:00","twitter_card":"summary_large_image","twitter_misc":{"Dur\u00e9e de lecture estim\u00e9e":"8 minutes"},"schema":{"@context":"https:\/\/schema.org","@graph":[{"@type":"WebPage","@id":"https:\/\/arcadiaexpress.it\/fr\/qui-nous-sommes\/","url":"https:\/\/arcadiaexpress.it\/fr\/qui-nous-sommes\/","name":"\u00c0 propos de nous - ARCADIA EXPRESS Partenaire fiable","isPartOf":{"@id":"https:\/\/arcadiaexpress.it\/fr\/#website"},"datePublished":"2022-10-03T09:28:18+00:00","dateModified":"2022-10-24T13:10:20+00:00","description":"A propos de nous - Un peu d'histoire - Apprenez \u00e0 mieux nous conna\u00eetre - Pr\u00e9sentation d'Arcadia Express - Partenaire fiable d'Arcadia Express","breadcrumb":{"@id":"https:\/\/arcadiaexpress.it\/fr\/qui-nous-sommes\/#breadcrumb"},"inLanguage":"fr-FR","potentialAction":[{"@type":"ReadAction","target":["https:\/\/arcadiaexpress.it\/fr\/qui-nous-sommes\/"]}]},{"@type":"BreadcrumbList","@id":"https:\/\/arcadiaexpress.it\/fr\/qui-nous-sommes\/#breadcrumb","itemListElement":[{"@type":"ListItem","position":1,"name":"Home","item":"https:\/\/arcadiaexpress.it\/fr\/"},{"@type":"ListItem","position":2,"name":"QUI NOUS SOMMES"}]},{"@type":"WebSite","@id":"https:\/\/arcadiaexpress.it\/fr\/#website","url":"https:\/\/arcadiaexpress.it\/fr\/","name":"Arcadia Express","description":"Servizi di trasporto e logistica per l&#039;industria","potentialAction":[{"@type":"SearchAction","target":{"@type":"EntryPoint","urlTemplate":"https:\/\/arcadiaexpress.it\/fr\/?s={search_term_string}"},"query-input":"required name=search_term_string"}],"inLanguage":"fr-FR"}]}},"_links":{"self":[{"href":"https:\/\/arcadiaexpress.it\/fr\/wp-json\/wp\/v2\/pages\/1487"}],"collection":[{"href":"https:\/\/arcadiaexpress.it\/fr\/wp-json\/wp\/v2\/pages"}],"about":[{"href":"https:\/\/arcadiaexpress.it\/fr\/wp-json\/wp\/v2\/types\/page"}],"author":[{"embeddable":true,"href":"https:\/\/arcadiaexpress.it\/fr\/wp-json\/wp\/v2\/users\/1"}],"replies":[{"embeddable":true,"href":"https:\/\/arcadiaexpress.it\/fr\/wp-json\/wp\/v2\/comments?post=1487"}],"version-history":[{"count":20,"href":"https:\/\/arcadiaexpress.it\/fr\/wp-json\/wp\/v2\/pages\/1487\/revisions"}],"predecessor-version":[{"id":2412,"href":"https:\/\/arcadiaexpress.it\/fr\/wp-json\/wp\/v2\/pages\/1487\/revisions\/2412"}],"wp:attachment":[{"href":"https:\/\/arcadiaexpress.it\/fr\/wp-json\/wp\/v2\/media?parent=1487"}],"curies":[{"name":"wp","href":"https:\/\/api.w.org\/{rel}","templated":true}]}}