{"id":1522,"date":"2022-10-03T09:28:18","date_gmt":"2022-10-03T09:28:18","guid":{"rendered":"https:\/\/arcadiaexpress.it\/quienes-somos\/"},"modified":"2022-10-24T13:10:20","modified_gmt":"2022-10-24T13:10:20","slug":"quienes-somos","status":"publish","type":"page","link":"https:\/\/arcadiaexpress.it\/es\/quienes-somos\/","title":{"rendered":"QUIENES SOMOS"},"content":{"rendered":"<div class=\"fusion-fullwidth fullwidth-box fusion-builder-row-1 fusion-flex-container has-pattern-background has-mask-background nonhundred-percent-fullwidth non-hundred-percent-height-scrolling\" style=\"background-color: rgba(255,255,255,0);background-position: center center;background-repeat: no-repeat;border-width: 0px 0px 0px 0px;border-color:var(--awb-color2);border-style:solid;\" ><div class=\"fusion-builder-row fusion-row fusion-flex-align-items-flex-start\" style=\"max-width:1185.6px;margin-left: calc(-4% \/ 2 );margin-right: calc(-4% \/ 2 );\"><div class=\"fusion-layout-column fusion_builder_column fusion-builder-column-0 fusion_builder_column_2_3 2_3 fusion-flex-column\"><div class=\"fusion-column-wrapper fusion-flex-justify-content-flex-start fusion-content-layout-column\" style=\"background-position:left top;background-repeat:no-repeat;-webkit-background-size:cover;-moz-background-size:cover;-o-background-size:cover;background-size:cover;padding: 0px 0px 0px 0px;\"><div class=\"fusion-separator fusion-full-width-sep\" style=\"align-self: center;margin-left: auto;margin-right: auto;margin-bottom:40px;width:100%;\"><\/div><style type=\"text\/css\">@media only screen and (max-width:1024px) {.fusion-title.fusion-title-1{margin-top:0px!important; margin-right:0px!important;margin-bottom:31px!important;margin-left:0px!important;}}@media only screen and (max-width:640px) {.fusion-title.fusion-title-1{margin-top:0px!important; margin-right:0px!important;margin-bottom:20px!important; margin-left:0px!important;}}<\/style><div class=\"fusion-title title fusion-title-1 fusion-sep-none fusion-title-text fusion-title-size-three\" style=\"font-size:38px;margin-top:0px;margin-right:0px;margin-bottom:31px;margin-left:0px;\"><h3 class=\"title-heading-left fusion-responsive-typography-calculated\" style=\"margin:0;font-size:1em;--fontSize:38;line-height:var(--awb-typography1-line-height);\">Sobre nosotros<\/h3><\/div><div class=\"fusion-separator fusion-full-width-sep\" style=\"align-self: center;margin-left: auto;margin-right: auto;margin-bottom:40px;width:100%;\"><\/div><div class=\"fusion-text fusion-text-1\"><p>Arcadia Express es una empresa que se dedica al transporte nacional e internacional. A lo largo de los a\u00f1os, el crecimiento se ha centrado en la dedicaci\u00f3n al servicio, ofreciendo un servicio puntual que nos permite gestionar recogidas y entregas con poca antelaci\u00f3n. Paralelamente, el crecimiento del comercio electr\u00f3nico en la \u00faltima d\u00e9cada nos ha llevado a desempe\u00f1ar un papel destacado en el desarrollo de competencias espec\u00edficas para servir a nuestros clientes que optan por externalizar la log\u00edstica.<br \/>\nLa novedad m\u00e1s reciente es la apertura de agencias en Mil\u00e1n y Roma, que, sumadas a la oficina principal de Tur\u00edn, nos permiten atender de forma capilar el centro-norte de la pen\u00ednsula.<\/p>\n<\/div><div class=\"fusion-separator fusion-full-width-sep\" style=\"align-self: center;margin-left: auto;margin-right: auto;margin-bottom:40px;width:100%;\"><\/div><div class=\"fusion-text fusion-text-2\"><p><a href=\"https:\/\/arcadiaexpress.it\/it\/richiesta-quotazione\/\">P\u00f3ngase en contacto con nosotros para solicitar un presupuesto espec\u00edfico para el transporte que necesita<\/a><\/p>\n<\/div><\/div><style type=\"text\/css\">.fusion-body .fusion-builder-column-0{width:66.666666666667% !important;margin-top : 0px;margin-bottom : 20px;}.fusion-builder-column-0 > .fusion-column-wrapper {padding-top : 0px !important;padding-right : 0px !important;margin-right : 2.88%;padding-bottom : 0px !important;padding-left : 0px !important;margin-left : 2.88%;}@media only screen and (max-width:1024px) {.fusion-body .fusion-builder-column-0{width:100% !important;order : 0;}.fusion-builder-column-0 > .fusion-column-wrapper {margin-right : 1.92%;margin-left : 1.92%;}}@media only screen and (max-width:640px) {.fusion-body .fusion-builder-column-0{width:100% !important;order : 0;}.fusion-builder-column-0 > .fusion-column-wrapper {margin-right : 1.92%;margin-left : 1.92%;}}<\/style><\/div><div class=\"fusion-layout-column fusion_builder_column fusion-builder-column-1 fusion_builder_column_1_3 1_3 fusion-flex-column\"><div class=\"fusion-column-wrapper fusion-flex-justify-content-flex-start fusion-content-layout-column\" style=\"background-position:left top;background-repeat:no-repeat;-webkit-background-size:cover;-moz-background-size:cover;-o-background-size:cover;background-size:cover;padding: 0px 0px 0px 0px;\"><div class=\"fusion-separator fusion-full-width-sep\" style=\"align-self: center;margin-left: auto;margin-right: auto;margin-bottom:40px;width:100%;\"><\/div><div class=\"fusion-separator fusion-full-width-sep\" style=\"align-self: center;margin-left: auto;margin-right: auto;margin-bottom:40px;width:100%;\"><\/div><\/div><style type=\"text\/css\">.fusion-body .fusion-builder-column-1{width:33.333333333333% !important;margin-top : 0px;margin-bottom : 20px;}.fusion-builder-column-1 > .fusion-column-wrapper {padding-top : 0px !important;padding-right : 0px !important;margin-right : 5.76%;padding-bottom : 0px !important;padding-left : 0px !important;margin-left : 5.76%;}@media only screen and (max-width:1024px) {.fusion-body .fusion-builder-column-1{width:100% !important;order : 0;}.fusion-builder-column-1 > .fusion-column-wrapper {margin-right : 1.92%;margin-left : 1.92%;}}@media only screen and (max-width:640px) {.fusion-body .fusion-builder-column-1{width:100% !important;order : 0;}.fusion-builder-column-1 > .fusion-column-wrapper {margin-right : 1.92%;margin-left : 1.92%;}}<\/style><\/div><\/div><style type=\"text\/css\">.fusion-body .fusion-flex-container.fusion-builder-row-1{ padding-top : 0px;margin-top : 0px;padding-right : 0px;padding-bottom : 0px;margin-bottom : 0px;padding-left : 0px;}<\/style><\/div>\n","protected":false},"excerpt":{"rendered":"","protected":false},"author":1,"featured_media":0,"parent":0,"menu_order":0,"comment_status":"closed","ping_status":"closed","template":"100-width.php","meta":[],"yoast_head":"<!-- This site is optimized with the Yoast SEO plugin v19.9 - https:\/\/yoast.com\/wordpress\/plugins\/seo\/ -->\n<title>Sobre nosotros - ARCADIA EXPRESS Socio de confianza<\/title>\n<meta name=\"description\" content=\"Qui\u00e9nes somos - Un poco de historia - Con\u00f3zcanos mejor - Presentaci\u00f3n de Arcadia Express - Arcadia Express socio de confianza\" \/>\n<meta name=\"robots\" content=\"index, follow, max-snippet:-1, max-image-preview:large, max-video-preview:-1\" \/>\n<link rel=\"canonical\" href=\"https:\/\/arcadiaexpress.it\/es\/quienes-somos\/\" \/>\n<meta property=\"og:locale\" content=\"es_ES\" \/>\n<meta property=\"og:type\" content=\"article\" \/>\n<meta property=\"og:title\" content=\"Sobre nosotros - ARCADIA EXPRESS Socio de confianza\" \/>\n<meta property=\"og:description\" content=\"Qui\u00e9nes somos - Un poco de historia - Con\u00f3zcanos mejor - Presentaci\u00f3n de Arcadia Express - Arcadia Express socio de confianza\" \/>\n<meta property=\"og:url\" content=\"https:\/\/arcadiaexpress.it\/es\/quienes-somos\/\" \/>\n<meta property=\"og:site_name\" content=\"Arcadia Express\" \/>\n<meta property=\"article:modified_time\" content=\"2022-10-24T13:10:20+00:00\" \/>\n<meta name=\"twitter:card\" content=\"summary_large_image\" \/>\n<meta name=\"twitter:label1\" content=\"Tiempo de lectura\" \/>\n\t<meta name=\"twitter:data1\" content=\"8 minutos\" \/>\n<script type=\"application\/ld+json\" class=\"yoast-schema-graph\">{\"@context\":\"https:\/\/schema.org\",\"@graph\":[{\"@type\":\"WebPage\",\"@id\":\"https:\/\/arcadiaexpress.it\/es\/quienes-somos\/\",\"url\":\"https:\/\/arcadiaexpress.it\/es\/quienes-somos\/\",\"name\":\"Sobre nosotros - ARCADIA EXPRESS Socio de confianza\",\"isPartOf\":{\"@id\":\"https:\/\/arcadiaexpress.it\/es\/#website\"},\"datePublished\":\"2022-10-03T09:28:18+00:00\",\"dateModified\":\"2022-10-24T13:10:20+00:00\",\"description\":\"Qui\u00e9nes somos - Un poco de historia - Con\u00f3zcanos mejor - Presentaci\u00f3n de Arcadia Express - Arcadia Express socio de confianza\",\"breadcrumb\":{\"@id\":\"https:\/\/arcadiaexpress.it\/es\/quienes-somos\/#breadcrumb\"},\"inLanguage\":\"es\",\"potentialAction\":[{\"@type\":\"ReadAction\",\"target\":[\"https:\/\/arcadiaexpress.it\/es\/quienes-somos\/\"]}]},{\"@type\":\"BreadcrumbList\",\"@id\":\"https:\/\/arcadiaexpress.it\/es\/quienes-somos\/#breadcrumb\",\"itemListElement\":[{\"@type\":\"ListItem\",\"position\":1,\"name\":\"Home\",\"item\":\"https:\/\/arcadiaexpress.it\/es\/\"},{\"@type\":\"ListItem\",\"position\":2,\"name\":\"QUIENES SOMOS\"}]},{\"@type\":\"WebSite\",\"@id\":\"https:\/\/arcadiaexpress.it\/es\/#website\",\"url\":\"https:\/\/arcadiaexpress.it\/es\/\",\"name\":\"Arcadia Express\",\"description\":\"Servizi di trasporto e logistica per l&#039;industria\",\"potentialAction\":[{\"@type\":\"SearchAction\",\"target\":{\"@type\":\"EntryPoint\",\"urlTemplate\":\"https:\/\/arcadiaexpress.it\/es\/?s={search_term_string}\"},\"query-input\":\"required name=search_term_string\"}],\"inLanguage\":\"es\"}]}<\/script>\n<!-- \/ Yoast SEO plugin. -->","yoast_head_json":{"title":"Sobre nosotros - ARCADIA EXPRESS Socio de confianza","description":"Qui\u00e9nes somos - Un poco de historia - Con\u00f3zcanos mejor - Presentaci\u00f3n de Arcadia Express - Arcadia Express socio de confianza","robots":{"index":"index","follow":"follow","max-snippet":"max-snippet:-1","max-image-preview":"max-image-preview:large","max-video-preview":"max-video-preview:-1"},"canonical":"https:\/\/arcadiaexpress.it\/es\/quienes-somos\/","og_locale":"es_ES","og_type":"article","og_title":"Sobre nosotros - ARCADIA EXPRESS Socio de confianza","og_description":"Qui\u00e9nes somos - Un poco de historia - Con\u00f3zcanos mejor - Presentaci\u00f3n de Arcadia Express - Arcadia Express socio de confianza","og_url":"https:\/\/arcadiaexpress.it\/es\/quienes-somos\/","og_site_name":"Arcadia Express","article_modified_time":"2022-10-24T13:10:20+00:00","twitter_card":"summary_large_image","twitter_misc":{"Tiempo de lectura":"8 minutos"},"schema":{"@context":"https:\/\/schema.org","@graph":[{"@type":"WebPage","@id":"https:\/\/arcadiaexpress.it\/es\/quienes-somos\/","url":"https:\/\/arcadiaexpress.it\/es\/quienes-somos\/","name":"Sobre nosotros - ARCADIA EXPRESS Socio de confianza","isPartOf":{"@id":"https:\/\/arcadiaexpress.it\/es\/#website"},"datePublished":"2022-10-03T09:28:18+00:00","dateModified":"2022-10-24T13:10:20+00:00","description":"Qui\u00e9nes somos - Un poco de historia - Con\u00f3zcanos mejor - Presentaci\u00f3n de Arcadia Express - Arcadia Express socio de confianza","breadcrumb":{"@id":"https:\/\/arcadiaexpress.it\/es\/quienes-somos\/#breadcrumb"},"inLanguage":"es","potentialAction":[{"@type":"ReadAction","target":["https:\/\/arcadiaexpress.it\/es\/quienes-somos\/"]}]},{"@type":"BreadcrumbList","@id":"https:\/\/arcadiaexpress.it\/es\/quienes-somos\/#breadcrumb","itemListElement":[{"@type":"ListItem","position":1,"name":"Home","item":"https:\/\/arcadiaexpress.it\/es\/"},{"@type":"ListItem","position":2,"name":"QUIENES SOMOS"}]},{"@type":"WebSite","@id":"https:\/\/arcadiaexpress.it\/es\/#website","url":"https:\/\/arcadiaexpress.it\/es\/","name":"Arcadia Express","description":"Servizi di trasporto e logistica per l&#039;industria","potentialAction":[{"@type":"SearchAction","target":{"@type":"EntryPoint","urlTemplate":"https:\/\/arcadiaexpress.it\/es\/?s={search_term_string}"},"query-input":"required name=search_term_string"}],"inLanguage":"es"}]}},"_links":{"self":[{"href":"https:\/\/arcadiaexpress.it\/es\/wp-json\/wp\/v2\/pages\/1522"}],"collection":[{"href":"https:\/\/arcadiaexpress.it\/es\/wp-json\/wp\/v2\/pages"}],"about":[{"href":"https:\/\/arcadiaexpress.it\/es\/wp-json\/wp\/v2\/types\/page"}],"author":[{"embeddable":true,"href":"https:\/\/arcadiaexpress.it\/es\/wp-json\/wp\/v2\/users\/1"}],"replies":[{"embeddable":true,"href":"https:\/\/arcadiaexpress.it\/es\/wp-json\/wp\/v2\/comments?post=1522"}],"version-history":[{"count":20,"href":"https:\/\/arcadiaexpress.it\/es\/wp-json\/wp\/v2\/pages\/1522\/revisions"}],"predecessor-version":[{"id":2411,"href":"https:\/\/arcadiaexpress.it\/es\/wp-json\/wp\/v2\/pages\/1522\/revisions\/2411"}],"wp:attachment":[{"href":"https:\/\/arcadiaexpress.it\/es\/wp-json\/wp\/v2\/media?parent=1522"}],"curies":[{"name":"wp","href":"https:\/\/api.w.org\/{rel}","templated":true}]}}