{"id":1518,"date":"2022-10-03T09:27:26","date_gmt":"2022-10-03T09:27:26","guid":{"rendered":"https:\/\/arcadiaexpress.it\/servicios-al-cliente\/"},"modified":"2022-10-24T13:10:29","modified_gmt":"2022-10-24T13:10:29","slug":"servicios-al-cliente","status":"publish","type":"page","link":"https:\/\/arcadiaexpress.it\/es\/servicios-al-cliente\/","title":{"rendered":"SERVICIOS AL CLIENTE"},"content":{"rendered":"<div class=\"fusion-fullwidth fullwidth-box fusion-builder-row-1 fusion-flex-container has-pattern-background has-mask-background nonhundred-percent-fullwidth non-hundred-percent-height-scrolling\" style=\"background-color: rgba(255,255,255,0);background-position: center center;background-repeat: no-repeat;border-width: 0px 0px 0px 0px;border-color:var(--awb-color2);border-style:solid;\" ><div class=\"fusion-builder-row fusion-row fusion-flex-align-items-flex-start\" style=\"max-width:1185.6px;margin-left: calc(-4% \/ 2 );margin-right: calc(-4% \/ 2 );\"><div class=\"fusion-layout-column fusion_builder_column fusion-builder-column-0 fusion_builder_column_2_3 2_3 fusion-flex-column\"><div class=\"fusion-column-wrapper fusion-flex-justify-content-flex-start fusion-content-layout-column\" style=\"background-position:left top;background-repeat:no-repeat;-webkit-background-size:cover;-moz-background-size:cover;-o-background-size:cover;background-size:cover;padding: 0px 0px 0px 0px;\"><div class=\"fusion-separator fusion-full-width-sep\" style=\"align-self: center;margin-left: auto;margin-right: auto;margin-bottom:40px;width:100%;\"><\/div><style type=\"text\/css\">@media only screen and (max-width:1024px) {.fusion-title.fusion-title-1{margin-top:0px!important; margin-right:0px!important;margin-bottom:31px!important;margin-left:0px!important;}}@media only screen and (max-width:640px) {.fusion-title.fusion-title-1{margin-top:0px!important; margin-right:0px!important;margin-bottom:20px!important; margin-left:0px!important;}}<\/style><div class=\"fusion-title title fusion-title-1 fusion-sep-none fusion-title-text fusion-title-size-three\" style=\"font-size:38px;margin-top:0px;margin-right:0px;margin-bottom:31px;margin-left:0px;\"><h3 class=\"title-heading-left fusion-responsive-typography-calculated\" style=\"margin:0;font-size:1em;--fontSize:38;line-height:var(--awb-typography1-line-height);\">Servicios<\/h3><\/div><div class=\"fusion-separator fusion-full-width-sep\" style=\"align-self: center;margin-left: auto;margin-right: auto;margin-bottom:40px;width:100%;\"><\/div><div class=\"fusion-text fusion-text-1\"><p>Arcadia Express es una empresa de transporte especializada en ofrecer un servicio integral a sus clientes:<br \/>\nServicio integrado \u00abjust-in-time\u00bb: organizamos el transporte dedicado a la producci\u00f3n \u00abjust-in-time\u00bb, un servicio que permite a las empresas ponerse en contacto con nosotros con tan s\u00f3lo 1 hora de antelaci\u00f3n para las entregas y recogidas. El seguimiento por sat\u00e9lite de nuestros veh\u00edculos garantiza la actualizaci\u00f3n del estado de nuestros env\u00edos en tiempo real.<br \/>\nDistribuci\u00f3n nacional y europea con servicio Bersagliere: la manipulaci\u00f3n de env\u00edos nacionales y europeos de peque\u00f1o peso es el sector m\u00e1s desarrollado. Con el crecimiento del comercio electr\u00f3nico reforzado por el cierre, la demanda de entregas a domicilio se ha convertido en nuestro producto estrella. Trabajamos en colaboraci\u00f3n con los principales actores europeos y nacionales para garantizar la entrega puntual de sus env\u00edos.<br \/>\nLog\u00edstica externalizada: gracias a nuestras oficinas de Tur\u00edn, Mil\u00e1n y Roma, las mercanc\u00edas en tr\u00e1nsito pueden ser depositadas y almacenadas en nuestros almacenes y distribuidas por toda la pen\u00ednsula en 24 horas, excluyendo las islas, de 3 a 4 d\u00edas para el grupaje, aliviando a las empresas de los costes de almacenamiento.<br \/>\nFuncionamiento multiling\u00fce: ofrecemos asistencia las 24 horas del d\u00eda en italiano, franc\u00e9s e ingl\u00e9s, analizamos las necesidades junto con el cliente para construir un servicio a medida y supervisamos la evoluci\u00f3n en el tiempo. Arcadia Express se basa en la operatividad para destacar.<br \/>\nLog\u00edstica de almac\u00e9n: Arcadia Express destaca en el mercado por su capacidad de ofrecer actividades log\u00edsticas integradas y servicios de transporte y manipulaci\u00f3n.<br \/>\nLa experiencia que hemos acumulado a lo largo del tiempo nos permite cuidar con esmero y escrupulosidad cada uno de los aspectos del negocio del almacenamiento, desde la entrada de mercanc\u00edas hasta su almacenamiento, desde la preparaci\u00f3n de pedidos hasta su entrega, todo ello gracias a un potente software de gesti\u00f3n.<br \/>\nConfiar la gesti\u00f3n de su log\u00edstica a un socio profesional como Arcadia Express se convierte, por tanto, no s\u00f3lo en una herramienta v\u00e1lida para optimizar el servicio que ofrece a sus clientes, sino tambi\u00e9n en una garant\u00eda de control y contenci\u00f3n de costes constante y adecuada.<\/p>\n<\/div><div class=\"fusion-separator fusion-full-width-sep\" style=\"align-self: center;margin-left: auto;margin-right: auto;margin-bottom:40px;width:100%;\"><\/div><div class=\"fusion-text fusion-text-2\"><p><a href=\"https:\/\/arcadiaexpress.it\/it\/richiesta-quotazione\/\">P\u00f3ngase en contacto con nosotros para solicitar un presupuesto espec\u00edfico para el transporte que necesita<\/a><\/p>\n<\/div><\/div><style type=\"text\/css\">.fusion-body .fusion-builder-column-0{width:66.666666666667% !important;margin-top : 0px;margin-bottom : 20px;}.fusion-builder-column-0 > .fusion-column-wrapper {padding-top : 0px !important;padding-right : 0px !important;margin-right : 2.88%;padding-bottom : 0px !important;padding-left : 0px !important;margin-left : 2.88%;}@media only screen and (max-width:1024px) {.fusion-body .fusion-builder-column-0{width:100% !important;order : 0;}.fusion-builder-column-0 > .fusion-column-wrapper {margin-right : 1.92%;margin-left : 1.92%;}}@media only screen and (max-width:640px) {.fusion-body .fusion-builder-column-0{width:100% !important;order : 0;}.fusion-builder-column-0 > .fusion-column-wrapper {margin-right : 1.92%;margin-left : 1.92%;}}<\/style><\/div><div class=\"fusion-layout-column fusion_builder_column fusion-builder-column-1 fusion_builder_column_1_3 1_3 fusion-flex-column\"><div class=\"fusion-column-wrapper fusion-flex-justify-content-flex-start fusion-content-layout-column\" style=\"background-position:left top;background-repeat:no-repeat;-webkit-background-size:cover;-moz-background-size:cover;-o-background-size:cover;background-size:cover;padding: 0px 0px 0px 0px;\"><div class=\"fusion-separator fusion-full-width-sep\" style=\"align-self: center;margin-left: auto;margin-right: auto;width:100%;\"><\/div><div class=\"fusion-separator fusion-full-width-sep\" style=\"align-self: center;margin-left: auto;margin-right: auto;width:100%;\"><\/div><div class=\"fusion-separator fusion-full-width-sep\" style=\"align-self: center;margin-left: auto;margin-right: auto;width:100%;\"><\/div><div class=\"fusion-separator fusion-full-width-sep\" style=\"align-self: center;margin-left: auto;margin-right: auto;width:100%;\"><\/div><\/div><style type=\"text\/css\">.fusion-body .fusion-builder-column-1{width:33.333333333333% !important;margin-top : 0px;margin-bottom : 20px;}.fusion-builder-column-1 > .fusion-column-wrapper {padding-top : 0px !important;padding-right : 0px !important;margin-right : 5.76%;padding-bottom : 0px !important;padding-left : 0px !important;margin-left : 5.76%;}@media only screen and (max-width:1024px) {.fusion-body .fusion-builder-column-1{width:100% !important;order : 0;}.fusion-builder-column-1 > .fusion-column-wrapper {margin-right : 1.92%;margin-left : 1.92%;}}@media only screen and (max-width:640px) {.fusion-body .fusion-builder-column-1{width:100% !important;order : 0;}.fusion-builder-column-1 > .fusion-column-wrapper {margin-right : 1.92%;margin-left : 1.92%;}}<\/style><\/div><\/div><style type=\"text\/css\">.fusion-body .fusion-flex-container.fusion-builder-row-1{ padding-top : 0px;margin-top : 0px;padding-right : 0px;padding-bottom : 0px;margin-bottom : 0px;padding-left : 0px;}<\/style><\/div>\n","protected":false},"excerpt":{"rendered":"","protected":false},"author":1,"featured_media":0,"parent":0,"menu_order":0,"comment_status":"closed","ping_status":"closed","template":"100-width.php","meta":[],"yoast_head":"<!-- This site is optimized with the Yoast SEO plugin v19.9 - https:\/\/yoast.com\/wordpress\/plugins\/seo\/ -->\n<title>Servicio de atenci\u00f3n al cliente - ARCADIA EXPRESS Socio de confianza<\/title>\n<meta name=\"description\" content=\"Servicios ofrecidos - Organizaci\u00f3n del transporte, calidad, atenci\u00f3n al cliente - Arcadia Express un socio fiable\" \/>\n<meta name=\"robots\" content=\"index, follow, max-snippet:-1, max-image-preview:large, max-video-preview:-1\" \/>\n<link rel=\"canonical\" href=\"https:\/\/arcadiaexpress.it\/es\/servicios-al-cliente\/\" \/>\n<meta property=\"og:locale\" content=\"es_ES\" \/>\n<meta property=\"og:type\" content=\"article\" \/>\n<meta property=\"og:title\" content=\"Servicio de atenci\u00f3n al cliente - ARCADIA EXPRESS Socio de confianza\" \/>\n<meta property=\"og:description\" content=\"Servicios ofrecidos - Organizaci\u00f3n del transporte, calidad, atenci\u00f3n al cliente - Arcadia Express un socio fiable\" \/>\n<meta property=\"og:url\" content=\"https:\/\/arcadiaexpress.it\/es\/servicios-al-cliente\/\" \/>\n<meta property=\"og:site_name\" content=\"Arcadia Express\" \/>\n<meta property=\"article:modified_time\" content=\"2022-10-24T13:10:29+00:00\" \/>\n<meta name=\"twitter:card\" content=\"summary_large_image\" \/>\n<meta name=\"twitter:label1\" content=\"Tiempo de lectura\" \/>\n\t<meta name=\"twitter:data1\" content=\"10 minutos\" \/>\n<script type=\"application\/ld+json\" class=\"yoast-schema-graph\">{\"@context\":\"https:\/\/schema.org\",\"@graph\":[{\"@type\":\"WebPage\",\"@id\":\"https:\/\/arcadiaexpress.it\/es\/servicios-al-cliente\/\",\"url\":\"https:\/\/arcadiaexpress.it\/es\/servicios-al-cliente\/\",\"name\":\"Servicio de atenci\u00f3n al cliente - ARCADIA EXPRESS Socio de confianza\",\"isPartOf\":{\"@id\":\"https:\/\/arcadiaexpress.it\/es\/#website\"},\"datePublished\":\"2022-10-03T09:27:26+00:00\",\"dateModified\":\"2022-10-24T13:10:29+00:00\",\"description\":\"Servicios ofrecidos - Organizaci\u00f3n del transporte, calidad, atenci\u00f3n al cliente - Arcadia Express un socio fiable\",\"breadcrumb\":{\"@id\":\"https:\/\/arcadiaexpress.it\/es\/servicios-al-cliente\/#breadcrumb\"},\"inLanguage\":\"es\",\"potentialAction\":[{\"@type\":\"ReadAction\",\"target\":[\"https:\/\/arcadiaexpress.it\/es\/servicios-al-cliente\/\"]}]},{\"@type\":\"BreadcrumbList\",\"@id\":\"https:\/\/arcadiaexpress.it\/es\/servicios-al-cliente\/#breadcrumb\",\"itemListElement\":[{\"@type\":\"ListItem\",\"position\":1,\"name\":\"Home\",\"item\":\"https:\/\/arcadiaexpress.it\/es\/\"},{\"@type\":\"ListItem\",\"position\":2,\"name\":\"SERVICIOS AL CLIENTE\"}]},{\"@type\":\"WebSite\",\"@id\":\"https:\/\/arcadiaexpress.it\/es\/#website\",\"url\":\"https:\/\/arcadiaexpress.it\/es\/\",\"name\":\"Arcadia Express\",\"description\":\"Servizi di trasporto e logistica per l&#039;industria\",\"potentialAction\":[{\"@type\":\"SearchAction\",\"target\":{\"@type\":\"EntryPoint\",\"urlTemplate\":\"https:\/\/arcadiaexpress.it\/es\/?s={search_term_string}\"},\"query-input\":\"required name=search_term_string\"}],\"inLanguage\":\"es\"}]}<\/script>\n<!-- \/ Yoast SEO plugin. -->","yoast_head_json":{"title":"Servicio de atenci\u00f3n al cliente - ARCADIA EXPRESS Socio de confianza","description":"Servicios ofrecidos - Organizaci\u00f3n del transporte, calidad, atenci\u00f3n al cliente - Arcadia Express un socio fiable","robots":{"index":"index","follow":"follow","max-snippet":"max-snippet:-1","max-image-preview":"max-image-preview:large","max-video-preview":"max-video-preview:-1"},"canonical":"https:\/\/arcadiaexpress.it\/es\/servicios-al-cliente\/","og_locale":"es_ES","og_type":"article","og_title":"Servicio de atenci\u00f3n al cliente - ARCADIA EXPRESS Socio de confianza","og_description":"Servicios ofrecidos - Organizaci\u00f3n del transporte, calidad, atenci\u00f3n al cliente - Arcadia Express un socio fiable","og_url":"https:\/\/arcadiaexpress.it\/es\/servicios-al-cliente\/","og_site_name":"Arcadia Express","article_modified_time":"2022-10-24T13:10:29+00:00","twitter_card":"summary_large_image","twitter_misc":{"Tiempo de lectura":"10 minutos"},"schema":{"@context":"https:\/\/schema.org","@graph":[{"@type":"WebPage","@id":"https:\/\/arcadiaexpress.it\/es\/servicios-al-cliente\/","url":"https:\/\/arcadiaexpress.it\/es\/servicios-al-cliente\/","name":"Servicio de atenci\u00f3n al cliente - ARCADIA EXPRESS Socio de confianza","isPartOf":{"@id":"https:\/\/arcadiaexpress.it\/es\/#website"},"datePublished":"2022-10-03T09:27:26+00:00","dateModified":"2022-10-24T13:10:29+00:00","description":"Servicios ofrecidos - Organizaci\u00f3n del transporte, calidad, atenci\u00f3n al cliente - Arcadia Express un socio fiable","breadcrumb":{"@id":"https:\/\/arcadiaexpress.it\/es\/servicios-al-cliente\/#breadcrumb"},"inLanguage":"es","potentialAction":[{"@type":"ReadAction","target":["https:\/\/arcadiaexpress.it\/es\/servicios-al-cliente\/"]}]},{"@type":"BreadcrumbList","@id":"https:\/\/arcadiaexpress.it\/es\/servicios-al-cliente\/#breadcrumb","itemListElement":[{"@type":"ListItem","position":1,"name":"Home","item":"https:\/\/arcadiaexpress.it\/es\/"},{"@type":"ListItem","position":2,"name":"SERVICIOS AL CLIENTE"}]},{"@type":"WebSite","@id":"https:\/\/arcadiaexpress.it\/es\/#website","url":"https:\/\/arcadiaexpress.it\/es\/","name":"Arcadia Express","description":"Servizi di trasporto e logistica per l&#039;industria","potentialAction":[{"@type":"SearchAction","target":{"@type":"EntryPoint","urlTemplate":"https:\/\/arcadiaexpress.it\/es\/?s={search_term_string}"},"query-input":"required name=search_term_string"}],"inLanguage":"es"}]}},"_links":{"self":[{"href":"https:\/\/arcadiaexpress.it\/es\/wp-json\/wp\/v2\/pages\/1518"}],"collection":[{"href":"https:\/\/arcadiaexpress.it\/es\/wp-json\/wp\/v2\/pages"}],"about":[{"href":"https:\/\/arcadiaexpress.it\/es\/wp-json\/wp\/v2\/types\/page"}],"author":[{"embeddable":true,"href":"https:\/\/arcadiaexpress.it\/es\/wp-json\/wp\/v2\/users\/1"}],"replies":[{"embeddable":true,"href":"https:\/\/arcadiaexpress.it\/es\/wp-json\/wp\/v2\/comments?post=1518"}],"version-history":[{"count":18,"href":"https:\/\/arcadiaexpress.it\/es\/wp-json\/wp\/v2\/pages\/1518\/revisions"}],"predecessor-version":[{"id":2418,"href":"https:\/\/arcadiaexpress.it\/es\/wp-json\/wp\/v2\/pages\/1518\/revisions\/2418"}],"wp:attachment":[{"href":"https:\/\/arcadiaexpress.it\/es\/wp-json\/wp\/v2\/media?parent=1518"}],"curies":[{"name":"wp","href":"https:\/\/api.w.org\/{rel}","templated":true}]}}