{"id":1494,"date":"2022-10-03T09:28:58","date_gmt":"2022-10-03T09:28:58","guid":{"rendered":"https:\/\/arcadiaexpress.it\/contactos\/"},"modified":"2023-11-17T14:51:46","modified_gmt":"2023-11-17T14:51:46","slug":"contactos","status":"publish","type":"page","link":"https:\/\/arcadiaexpress.it\/es\/contactos\/","title":{"rendered":"CONTACTOS"},"content":{"rendered":"<div class=\"fusion-fullwidth fullwidth-box fusion-builder-row-1 fusion-flex-container nonhundred-percent-fullwidth non-hundred-percent-height-scrolling\" style=\"background-color: rgba(255,255,255,0);background-position: center center;background-repeat: no-repeat;border-width: 0px 0px 0px 0px;border-color:var(--awb-color2);border-style:solid;\" ><div class=\"fusion-builder-row fusion-row fusion-flex-align-items-flex-start\" style=\"max-width:1185.6px;margin-left: calc(-4% \/ 2 );margin-right: calc(-4% \/ 2 );\"><div class=\"fusion-layout-column fusion_builder_column fusion-builder-column-0 fusion_builder_column_2_3 2_3 fusion-flex-column fusion-animated\" data-animationType=\"fadeInDown\" data-animationDuration=\"1.0\" data-animationOffset=\"top-into-view\"><div class=\"fusion-column-wrapper fusion-flex-justify-content-flex-start fusion-content-layout-column\" style=\"background-position:left top;background-repeat:no-repeat;-webkit-background-size:cover;-moz-background-size:cover;-o-background-size:cover;background-size:cover;padding: 0px 0px 0px 0px;\"><style type=\"text\/css\">@media only screen and (max-width:1024px) {.fusion-title.fusion-title-1{margin-top:0px!important; margin-right:0px!important;margin-bottom:31px!important;margin-left:0px!important;}}@media only screen and (max-width:640px) {.fusion-title.fusion-title-1{margin-top:0px!important; margin-right:0px!important;margin-bottom:20px!important; margin-left:0px!important;}}<\/style><div class=\"fusion-title title fusion-title-1 fusion-sep-none fusion-title-text fusion-title-size-one\" style=\"margin-top:0px;margin-right:0px;margin-bottom:31px;margin-left:0px;\"><h1 class=\"title-heading-left fusion-responsive-typography-calculated\" style=\"margin:0;--fontSize:65;line-height:var(--awb-typography1-line-height);\">Contacte con<\/h1><\/div><div class=\"fusion-text fusion-text-1\"><div align=\"center\"><strong>Daniele Tancorra<br \/>\nStrada del Francese 119\/A<br \/>\n10156 Tur\u00edn (TO)<br \/>\ninfo@arcadiaexpress.it<br \/>\n+39 0114702257<\/strong><\/div>\n<\/div><div class=\"fusion-text fusion-text-2\"><p>&nbsp;<\/p>\n<p>&nbsp;<\/p>\n<\/div><div class=\"fusion-text fusion-text-3\"><div align=\"center\"><a href=\"https:\/\/arcadiaexpress.it\/it\/richiesta-quotazione\/\">P\u00f3ngase en contacto con nosotros para solicitar un presupuesto espec\u00edfico para el transporte que necesita<\/a><\/div>\n<\/div><\/div><style type=\"text\/css\">.fusion-body .fusion-builder-column-0{width:66.666666666667% !important;margin-top : 0px;margin-bottom : 20px;}.fusion-builder-column-0 > .fusion-column-wrapper {padding-top : 0px !important;padding-right : 0px !important;margin-right : 2.88%;padding-bottom : 0px !important;padding-left : 0px !important;margin-left : 2.88%;}@media only screen and (max-width:1024px) {.fusion-body .fusion-builder-column-0{width:100% !important;}.fusion-builder-column-0 > .fusion-column-wrapper {margin-right : 1.92%;margin-left : 1.92%;}}@media only screen and (max-width:640px) {.fusion-body .fusion-builder-column-0{width:100% !important;}.fusion-builder-column-0 > .fusion-column-wrapper {margin-right : 1.92%;margin-left : 1.92%;}}<\/style><\/div><\/div><style type=\"text\/css\">.fusion-body .fusion-flex-container.fusion-builder-row-1{ padding-top : 6%;margin-top : 0px;padding-right : 0px;padding-bottom : 6%;margin-bottom : 0px;padding-left : 0px;}<\/style><\/div>\n","protected":false},"excerpt":{"rendered":"","protected":false},"author":1,"featured_media":0,"parent":0,"menu_order":0,"comment_status":"closed","ping_status":"closed","template":"100-width.php","meta":[],"yoast_head":"<!-- This site is optimized with the Yoast SEO plugin v19.9 - https:\/\/yoast.com\/wordpress\/plugins\/seo\/ -->\n<title>Contacto - ARCADIA EXPRESS Socio fiable<\/title>\n<meta name=\"description\" content=\"Datos de contacto - Direcciones y n\u00fameros de tel\u00e9fono - Sedes en Tur\u00edn Mil\u00e1n y Roma - Arcadia Express socio de confianza\" \/>\n<meta name=\"robots\" content=\"index, follow, max-snippet:-1, max-image-preview:large, max-video-preview:-1\" \/>\n<link rel=\"canonical\" href=\"https:\/\/arcadiaexpress.it\/es\/contactos\/\" \/>\n<meta property=\"og:locale\" content=\"es_ES\" \/>\n<meta property=\"og:type\" content=\"article\" \/>\n<meta property=\"og:title\" content=\"Contacto - ARCADIA EXPRESS Socio fiable\" \/>\n<meta property=\"og:description\" content=\"Datos de contacto - Direcciones y n\u00fameros de tel\u00e9fono - Sedes en Tur\u00edn Mil\u00e1n y Roma - Arcadia Express socio de confianza\" \/>\n<meta property=\"og:url\" content=\"https:\/\/arcadiaexpress.it\/es\/contactos\/\" \/>\n<meta property=\"og:site_name\" content=\"Arcadia Express\" \/>\n<meta property=\"article:modified_time\" content=\"2023-11-17T14:51:46+00:00\" \/>\n<meta name=\"twitter:card\" content=\"summary_large_image\" \/>\n<meta name=\"twitter:label1\" content=\"Tiempo de lectura\" \/>\n\t<meta name=\"twitter:data1\" content=\"4 minutos\" \/>\n<script type=\"application\/ld+json\" class=\"yoast-schema-graph\">{\"@context\":\"https:\/\/schema.org\",\"@graph\":[{\"@type\":\"WebPage\",\"@id\":\"https:\/\/arcadiaexpress.it\/es\/contactos\/\",\"url\":\"https:\/\/arcadiaexpress.it\/es\/contactos\/\",\"name\":\"Contacto - ARCADIA EXPRESS Socio fiable\",\"isPartOf\":{\"@id\":\"https:\/\/arcadiaexpress.it\/es\/#website\"},\"datePublished\":\"2022-10-03T09:28:58+00:00\",\"dateModified\":\"2023-11-17T14:51:46+00:00\",\"description\":\"Datos de contacto - Direcciones y n\u00fameros de tel\u00e9fono - Sedes en Tur\u00edn Mil\u00e1n y Roma - Arcadia Express socio de confianza\",\"breadcrumb\":{\"@id\":\"https:\/\/arcadiaexpress.it\/es\/contactos\/#breadcrumb\"},\"inLanguage\":\"es\",\"potentialAction\":[{\"@type\":\"ReadAction\",\"target\":[\"https:\/\/arcadiaexpress.it\/es\/contactos\/\"]}]},{\"@type\":\"BreadcrumbList\",\"@id\":\"https:\/\/arcadiaexpress.it\/es\/contactos\/#breadcrumb\",\"itemListElement\":[{\"@type\":\"ListItem\",\"position\":1,\"name\":\"Home\",\"item\":\"https:\/\/arcadiaexpress.it\/es\/\"},{\"@type\":\"ListItem\",\"position\":2,\"name\":\"CONTACTOS\"}]},{\"@type\":\"WebSite\",\"@id\":\"https:\/\/arcadiaexpress.it\/es\/#website\",\"url\":\"https:\/\/arcadiaexpress.it\/es\/\",\"name\":\"Arcadia Express\",\"description\":\"Servizi di trasporto e logistica per l&#039;industria\",\"potentialAction\":[{\"@type\":\"SearchAction\",\"target\":{\"@type\":\"EntryPoint\",\"urlTemplate\":\"https:\/\/arcadiaexpress.it\/es\/?s={search_term_string}\"},\"query-input\":\"required name=search_term_string\"}],\"inLanguage\":\"es\"}]}<\/script>\n<!-- \/ Yoast SEO plugin. -->","yoast_head_json":{"title":"Contacto - ARCADIA EXPRESS Socio fiable","description":"Datos de contacto - Direcciones y n\u00fameros de tel\u00e9fono - Sedes en Tur\u00edn Mil\u00e1n y Roma - Arcadia Express socio de confianza","robots":{"index":"index","follow":"follow","max-snippet":"max-snippet:-1","max-image-preview":"max-image-preview:large","max-video-preview":"max-video-preview:-1"},"canonical":"https:\/\/arcadiaexpress.it\/es\/contactos\/","og_locale":"es_ES","og_type":"article","og_title":"Contacto - ARCADIA EXPRESS Socio fiable","og_description":"Datos de contacto - Direcciones y n\u00fameros de tel\u00e9fono - Sedes en Tur\u00edn Mil\u00e1n y Roma - Arcadia Express socio de confianza","og_url":"https:\/\/arcadiaexpress.it\/es\/contactos\/","og_site_name":"Arcadia Express","article_modified_time":"2023-11-17T14:51:46+00:00","twitter_card":"summary_large_image","twitter_misc":{"Tiempo de lectura":"4 minutos"},"schema":{"@context":"https:\/\/schema.org","@graph":[{"@type":"WebPage","@id":"https:\/\/arcadiaexpress.it\/es\/contactos\/","url":"https:\/\/arcadiaexpress.it\/es\/contactos\/","name":"Contacto - ARCADIA EXPRESS Socio fiable","isPartOf":{"@id":"https:\/\/arcadiaexpress.it\/es\/#website"},"datePublished":"2022-10-03T09:28:58+00:00","dateModified":"2023-11-17T14:51:46+00:00","description":"Datos de contacto - Direcciones y n\u00fameros de tel\u00e9fono - Sedes en Tur\u00edn Mil\u00e1n y Roma - Arcadia Express socio de confianza","breadcrumb":{"@id":"https:\/\/arcadiaexpress.it\/es\/contactos\/#breadcrumb"},"inLanguage":"es","potentialAction":[{"@type":"ReadAction","target":["https:\/\/arcadiaexpress.it\/es\/contactos\/"]}]},{"@type":"BreadcrumbList","@id":"https:\/\/arcadiaexpress.it\/es\/contactos\/#breadcrumb","itemListElement":[{"@type":"ListItem","position":1,"name":"Home","item":"https:\/\/arcadiaexpress.it\/es\/"},{"@type":"ListItem","position":2,"name":"CONTACTOS"}]},{"@type":"WebSite","@id":"https:\/\/arcadiaexpress.it\/es\/#website","url":"https:\/\/arcadiaexpress.it\/es\/","name":"Arcadia Express","description":"Servizi di trasporto e logistica per l&#039;industria","potentialAction":[{"@type":"SearchAction","target":{"@type":"EntryPoint","urlTemplate":"https:\/\/arcadiaexpress.it\/es\/?s={search_term_string}"},"query-input":"required name=search_term_string"}],"inLanguage":"es"}]}},"_links":{"self":[{"href":"https:\/\/arcadiaexpress.it\/es\/wp-json\/wp\/v2\/pages\/1494"}],"collection":[{"href":"https:\/\/arcadiaexpress.it\/es\/wp-json\/wp\/v2\/pages"}],"about":[{"href":"https:\/\/arcadiaexpress.it\/es\/wp-json\/wp\/v2\/types\/page"}],"author":[{"embeddable":true,"href":"https:\/\/arcadiaexpress.it\/es\/wp-json\/wp\/v2\/users\/1"}],"replies":[{"embeddable":true,"href":"https:\/\/arcadiaexpress.it\/es\/wp-json\/wp\/v2\/comments?post=1494"}],"version-history":[{"count":40,"href":"https:\/\/arcadiaexpress.it\/es\/wp-json\/wp\/v2\/pages\/1494\/revisions"}],"predecessor-version":[{"id":3538,"href":"https:\/\/arcadiaexpress.it\/es\/wp-json\/wp\/v2\/pages\/1494\/revisions\/3538"}],"wp:attachment":[{"href":"https:\/\/arcadiaexpress.it\/es\/wp-json\/wp\/v2\/media?parent=1494"}],"curies":[{"name":"wp","href":"https:\/\/api.w.org\/{rel}","templated":true}]}}